{"id":6469,"date":"2016-07-05T17:23:43","date_gmt":"2016-07-05T15:23:43","guid":{"rendered":"http:\/\/www.fratinardi.it\/blog\/?page_id=6469"},"modified":"2023-09-16T12:55:31","modified_gmt":"2023-09-16T10:55:31","slug":"chi-siamo","status":"publish","type":"page","link":"https:\/\/www.fratinardi.it\/blog\/chi-siamo\/","title":{"rendered":"Chi Siamo"},"content":{"rendered":"<p style=\"text-align: left;\"><em><strong>Fratinardi<\/strong><\/em>\u00a0\u00e8\u00a0un fashion store italiano\u00a0nato nel 1979. Le calzature rappresentano la storia del marchio e il punto di partenza per il successivo ampliamento del portafoglio prodotti. Oggi <em>Fratinardi<\/em> opera attraverso 7 punti vendita, tutti situati in provincia di Salerno.\u00a0Il punto focale della strategia aziendale\u00a0consiste nel continuo rafforzamento della\u00a0<em><b>brand reputation<\/b><\/em>, attraverso l\u2019offerta di una esperienza d\u2019acquisto resa unica dall\u2019ampia gamma proposta. Forte del know-how acquisito negli anni,\u00a0<em><strong>Fratinardi<\/strong><\/em>\u00a0ha deciso di cogliere una nuova sfida approdando anche nel mondo dell\u2019<em>e-commerce:<\/em>\u00a0 lo shop online\u00a0<em><a href=\"https:\/\/www.fratinardi.it\/\"><strong>Fratinardi.it<\/strong><\/a><\/em>\u00a0offre ai suoi clienti la possibilit\u00e0 di scegliere tra i migliori brand italiani ed internazionali di calzature, abbigliamento e accessori con un semplice click, riuscendo a soddisfare tutte le necessit\u00e0 degli utenti con grande professionalit\u00e0 e attenzione alla qualit\u00e0.<br \/>\n<a href=\"https:\/\/www.fratinardi.it\/blog\/wp-content\/uploads\/2016\/07\/DSC_0535.jpg\"><img loading=\"lazy\" decoding=\"async\" class=\"wp-image-9980 aligncenter\" src=\"https:\/\/www.fratinardi.it\/blog\/wp-content\/uploads\/2016\/07\/DSC_0535.jpg\" alt=\"\" width=\"341\" height=\"509\" \/><\/a><\/p>\n<p style=\"text-align: justify;\">Capi d\u2019abbigliamento, calzature e accessori\u00a0<strong>100% Made in Italy<\/strong>: lo\u00a0<strong>shop online<\/strong>\u00a0Fratinardi.it propone le collezioni dei pi\u00f9 prestigiosi fashion designer.<\/p>\n<p style=\"text-align: center;\"><strong>CALZATURE<\/strong><\/p>\n<p><img loading=\"lazy\" decoding=\"async\" class=\"size-large wp-image-11217 aligncenter\" src=\"https:\/\/www.fratinardi.it\/blog\/wp-content\/uploads\/2023\/09\/Hogan-New-Collection-A-I-2023-24-Fratinadi.it-09-1024x685.jpg\" alt=\"Hogan-New-Collection-A-I-2023-24-Fratinadi.it-09\" width=\"584\" height=\"391\" srcset=\"https:\/\/www.fratinardi.it\/blog\/wp-content\/uploads\/2023\/09\/Hogan-New-Collection-A-I-2023-24-Fratinadi.it-09-1024x685.jpg 1024w, https:\/\/www.fratinardi.it\/blog\/wp-content\/uploads\/2023\/09\/Hogan-New-Collection-A-I-2023-24-Fratinadi.it-09-300x201.jpg 300w, https:\/\/www.fratinardi.it\/blog\/wp-content\/uploads\/2023\/09\/Hogan-New-Collection-A-I-2023-24-Fratinadi.it-09-768x514.jpg 768w, https:\/\/www.fratinardi.it\/blog\/wp-content\/uploads\/2023\/09\/Hogan-New-Collection-A-I-2023-24-Fratinadi.it-09-640x428.jpg 640w, https:\/\/www.fratinardi.it\/blog\/wp-content\/uploads\/2023\/09\/Hogan-New-Collection-A-I-2023-24-Fratinadi.it-09-448x300.jpg 448w\" sizes=\"(max-width: 584px) 100vw, 584px\" \/><\/p>\n<p style=\"text-align: justify;\">Una vasta selezione di calzature scelte per garantire qualit\u00e0 e grande eleganza.\u00a0Per le donne calzature per ogni utilizzo: decoll\u00e9t\u00e9 da giorno o da sera, sneakers della linea comoda o dai tacchi vertiginosi.\u00a0Per gli uomini una variet\u00e0 di scelte: sneakers, mocassini o scarpe eleganti.\u00a0Per i pi\u00f9 piccoli il look resta fashion senza rinunciare alla praticit\u00e0: ballerine, mocassini, scarpe tennis o sandali impreziositi da pietre.<\/p>\n<p style=\"text-align: justify;\">Sfoggia il look giusto ad ogni occasione e ogni tuo desiderio sar\u00e0 soddisfatto!<\/p>\n<p style=\"text-align: center;\"><strong>ABBIGLIAMENTO<\/strong><\/p>\n<p>&nbsp;<\/p>\n<p><img loading=\"lazy\" decoding=\"async\" class=\"aligncenter wp-image-11254 size-large\" src=\"https:\/\/www.fratinardi.it\/blog\/wp-content\/uploads\/2016\/07\/Marella-New-Collection-F-W-2023-24-Fratinardi.it_-685x1024.jpg\" alt=\"Marella-New-Collection-F-W-2023-24-Fratinardi.it\" width=\"584\" height=\"873\" srcset=\"https:\/\/www.fratinardi.it\/blog\/wp-content\/uploads\/2016\/07\/Marella-New-Collection-F-W-2023-24-Fratinardi.it_-685x1024.jpg 685w, https:\/\/www.fratinardi.it\/blog\/wp-content\/uploads\/2016\/07\/Marella-New-Collection-F-W-2023-24-Fratinardi.it_-201x300.jpg 201w, https:\/\/www.fratinardi.it\/blog\/wp-content\/uploads\/2016\/07\/Marella-New-Collection-F-W-2023-24-Fratinardi.it_-768x1147.jpg 768w, https:\/\/www.fratinardi.it\/blog\/wp-content\/uploads\/2016\/07\/Marella-New-Collection-F-W-2023-24-Fratinardi.it_-640x956.jpg 640w\" sizes=\"(max-width: 584px) 100vw, 584px\" \/><\/p>\n<p style=\"text-align: justify;\">Con un vasta scelta di prodotti, lo shop online Fratinardi.it crea un total look adatto a tutte le et\u00e0 ed a tutte le esigenze.\u00a0L\u2019attenzione ai desideri e alle aspettative del cliente si traduce anche nella ricerca continua di nuovi brand che rispondano ad elevati standard stilistici.<\/p>\n<p style=\"text-align: center;\"><strong>ACCESSORI<\/strong><\/p>\n<p><img loading=\"lazy\" decoding=\"async\" class=\"aligncenter wp-image-11260 size-large\" src=\"https:\/\/www.fratinardi.it\/blog\/wp-content\/uploads\/2016\/07\/Borse-Autunno-Inverno-2023-24-Fratinardi.it_-1024x819.jpg\" alt=\"Borse-Autunno-Inverno-2023-24-Fratinardi.it\" width=\"584\" height=\"467\" srcset=\"https:\/\/www.fratinardi.it\/blog\/wp-content\/uploads\/2016\/07\/Borse-Autunno-Inverno-2023-24-Fratinardi.it_-1024x819.jpg 1024w, https:\/\/www.fratinardi.it\/blog\/wp-content\/uploads\/2016\/07\/Borse-Autunno-Inverno-2023-24-Fratinardi.it_-300x240.jpg 300w, https:\/\/www.fratinardi.it\/blog\/wp-content\/uploads\/2016\/07\/Borse-Autunno-Inverno-2023-24-Fratinardi.it_-768x615.jpg 768w, https:\/\/www.fratinardi.it\/blog\/wp-content\/uploads\/2016\/07\/Borse-Autunno-Inverno-2023-24-Fratinardi.it_-640x512.jpg 640w, https:\/\/www.fratinardi.it\/blog\/wp-content\/uploads\/2016\/07\/Borse-Autunno-Inverno-2023-24-Fratinardi.it_-375x300.jpg 375w, https:\/\/www.fratinardi.it\/blog\/wp-content\/uploads\/2016\/07\/Borse-Autunno-Inverno-2023-24-Fratinardi.it_.jpg 1181w\" sizes=\"(max-width: 584px) 100vw, 584px\" \/><\/p>\n<p style=\"text-align: justify;\">Lo store propone una vasta selezione di accessori scelti appositamente per i nostri clienti, dove ogni esigenza \u00e8 soddisfatta perch\u00e8 tutto \u00e8 stato studiato per completare ogni vostro outfit.\u00a0L\u2019accessorio ricopre un ruolo estremamente importante per rendere meraviglioso il vostro look.<\/p>\n<p style=\"text-align: justify;\">Non dimenticatelo, vi aspettiamo online.<\/p>\n<p>&nbsp;<\/p>\n<p>&nbsp;<\/p>\n","protected":false},"excerpt":{"rendered":"<p>Fratinardi\u00a0\u00e8\u00a0un fashion store italiano\u00a0nato nel 1979. Le calzature rappresentano la storia del marchio e il punto di partenza per il successivo ampliamento del portafoglio prodotti. Oggi Fratinardi opera attraverso 7 punti vendita, tutti situati in provincia di Salerno.\u00a0Il punto focale &hellip; <a href=\"https:\/\/www.fratinardi.it\/blog\/chi-siamo\/\">Continue reading <span class=\"meta-nav\">&rarr;<\/span><\/a><\/p>\n","protected":false},"author":2,"featured_media":10151,"parent":0,"menu_order":0,"comment_status":"closed","ping_status":"closed","template":"","meta":{"footnotes":""},"_links":{"self":[{"href":"https:\/\/www.fratinardi.it\/blog\/wp-json\/wp\/v2\/pages\/6469"}],"collection":[{"href":"https:\/\/www.fratinardi.it\/blog\/wp-json\/wp\/v2\/pages"}],"about":[{"href":"https:\/\/www.fratinardi.it\/blog\/wp-json\/wp\/v2\/types\/page"}],"author":[{"embeddable":true,"href":"https:\/\/www.fratinardi.it\/blog\/wp-json\/wp\/v2\/users\/2"}],"replies":[{"embeddable":true,"href":"https:\/\/www.fratinardi.it\/blog\/wp-json\/wp\/v2\/comments?post=6469"}],"version-history":[{"count":43,"href":"https:\/\/www.fratinardi.it\/blog\/wp-json\/wp\/v2\/pages\/6469\/revisions"}],"predecessor-version":[{"id":11262,"href":"https:\/\/www.fratinardi.it\/blog\/wp-json\/wp\/v2\/pages\/6469\/revisions\/11262"}],"wp:featuredmedia":[{"embeddable":true,"href":"https:\/\/www.fratinardi.it\/blog\/wp-json\/wp\/v2\/media\/10151"}],"wp:attachment":[{"href":"https:\/\/www.fratinardi.it\/blog\/wp-json\/wp\/v2\/media?parent=6469"}],"curies":[{"name":"wp","href":"https:\/\/api.w.org\/{rel}","templated":true}]}}